{"id":1570,"date":"2024-08-26T11:53:45","date_gmt":"2024-08-26T11:53:45","guid":{"rendered":"https:\/\/fordklubkotlinaklodzka.pl\/index.php\/forum-2\/"},"modified":"2026-01-11T13:20:09","modified_gmt":"2026-01-11T11:20:09","slug":"strefa-klubowicza","status":"publish","type":"page","link":"https:\/\/fordklubkotlinaklodzka.pl\/index.php\/strefa-klubowicza\/","title":{"rendered":"Strefa Klubowicza"},"content":{"rendered":"\n<div id=\"af-wrapper\"><div id=\"forum-header\"><div id=\"forum-navigation-mobile\"><a><span class=\"fas fa-bars\"><\/span>Menu<\/a><\/div><span class=\"screen-reader-text\">Nawigacja po forum<\/span><div id=\"forum-navigation\"><a class=\"home-link\" href=\"https:\/\/fordklubkotlinaklodzka.pl\/index.php\/strefa-klubowicza\" target=\"_self\">Forum<\/a><a class=\"activity-link\" href=\"https:\/\/fordklubkotlinaklodzka.pl\/index.php\/strefa-klubowicza\/activity\/\" target=\"_self\">Aktywno\u015b\u0107<\/a><a class=\"login-link\" href=\"https:\/\/fordklubkotlinaklodzka.pl\/wp-login.php?redirect_to=https%3A%2F%2Ffordklubkotlinaklodzka.pl%2Findex.php%2Fwp-json%2Fwp%2Fv2%2Fpages%2F1570\" target=\"_self\">Logowanie<\/a><\/div><div id=\"forum-search\"><span class=\"search-icon fas fa-search\"><\/span><form method=\"get\" action=\"https:\/\/fordklubkotlinaklodzka.pl\/index.php\/strefa-klubowicza\/search\/\"><input name=\"keywords\" type=\"search\" placeholder=\"Szukaj ...\" value=\"\"><\/form><\/div><div class=\"clear\"><\/div><\/div><div id=\"forum-breadcrumbs\" itemscope itemtype=\"http:\/\/schema.org\/BreadcrumbList\"><span class=\"screen-reader-text\">\u015acie\u017cka forum - jeste\u015b tutaj:<\/span><span class=\"breadcrumb-icon fas fa-home\"><\/span><span itemprop=\"itemListElement\" itemscope itemtype=\"https:\/\/schema.org\/ListItem\"><a itemprop=\"item\" href=\"https:\/\/fordklubkotlinaklodzka.pl\/index.php\/strefa-klubowicza\" title=\"Strona g\u0142\u00f3wna\"><span itemprop=\"name\">Strona g\u0142\u00f3wna<\/span><\/a><meta itemprop=\"position\" content=\"1\"><\/span><span class=\"breadcrumb-icon fas fa-chevron-right separator\"><\/span><\/div><h1 class=\"main-title main-title-\">Strona g\u0142\u00f3wna<\/h1><div class=\"notice\">Tutaj nie ma jeszcze \u017cadnych kategorii!<\/div><div id=\"bottom-navigation\"><\/div><div class=\"clear\"><\/div><\/div>\n\n\n\n<br>\n\n\n<div class=\"wp-block-image\">\n<figure class=\"aligncenter\"><a href=\"https:\/\/fordklubkotlinaklodzka.pl\/\" target=\"_blank\" rel=\"noopener\"><img loading=\"lazy\" decoding=\"async\" width=\"300\" height=\"148\" src=\"https:\/\/fordklubkotlinaklodzka.pl\/wp-content\/uploads\/2021\/08\/LOGO_FORD-Klub-Kotlina-Klodzka-PNG-300x148.png\" alt=\"\" class=\"wp-image-1226\" srcset=\"https:\/\/fordklubkotlinaklodzka.pl\/wp-content\/uploads\/2021\/08\/LOGO_FORD-Klub-Kotlina-Klodzka-PNG-300x148.png 300w, https:\/\/fordklubkotlinaklodzka.pl\/wp-content\/uploads\/2021\/08\/LOGO_FORD-Klub-Kotlina-Klodzka-PNG-600x295.png 600w, https:\/\/fordklubkotlinaklodzka.pl\/wp-content\/uploads\/2021\/08\/LOGO_FORD-Klub-Kotlina-Klodzka-PNG-768x378.png 768w, https:\/\/fordklubkotlinaklodzka.pl\/wp-content\/uploads\/2021\/08\/LOGO_FORD-Klub-Kotlina-Klodzka-PNG-1536x756.png 1536w, https:\/\/fordklubkotlinaklodzka.pl\/wp-content\/uploads\/2021\/08\/LOGO_FORD-Klub-Kotlina-Klodzka-PNG-2048x1008.png 2048w, https:\/\/fordklubkotlinaklodzka.pl\/wp-content\/uploads\/2021\/08\/LOGO_FORD-Klub-Kotlina-Klodzka-PNG-1140x561.png 1140w\" sizes=\"auto, (max-width: 300px) 100vw, 300px\" \/><\/a><\/figure>\n<\/div>\n\n\n<p class=\"has-text-align-center\"><\/p>\n\n\n\n<br><br>\n\n\n\n<p class=\"has-text-align-center\"><strong>Tylko dla pe\u0142noprawnych cz\u0142onk\u00f3w stowarzyszenia.<\/strong><\/p>\n\n\n\n<p class=\"has-text-align-center\"><a href=\"https:\/\/fordklubkotlinaklodzka.pl\/index.php\/dolacz-do-nas\/\" data-type=\"link\" data-id=\"https:\/\/fordklubkotlinaklodzka.pl\/index.php\/dolacz-do-nas\/\" target=\"_blank\" rel=\"noreferrer noopener\"><strong>Do\u0142\u0105cz do nas!<\/strong><\/a><\/p>\n\n\n\n<div class=\"wp-block-group\"><div class=\"wp-block-group__inner-container is-layout-constrained wp-block-group-is-layout-constrained\">\n<br><br>\n<\/div><\/div>\n","protected":false},"excerpt":{"rendered":"<p>Tylko dla pe\u0142noprawnych cz\u0142onk\u00f3w stowarzyszenia. Do\u0142\u0105cz do nas!<\/p>\n","protected":false},"author":1,"featured_media":0,"parent":0,"menu_order":0,"comment_status":"closed","ping_status":"closed","template":"","meta":{"footnotes":""},"class_list":["post-1570","page","type-page","status-publish","hentry"],"_links":{"self":[{"href":"https:\/\/fordklubkotlinaklodzka.pl\/index.php\/wp-json\/wp\/v2\/pages\/1570","targetHints":{"allow":["GET"]}}],"collection":[{"href":"https:\/\/fordklubkotlinaklodzka.pl\/index.php\/wp-json\/wp\/v2\/pages"}],"about":[{"href":"https:\/\/fordklubkotlinaklodzka.pl\/index.php\/wp-json\/wp\/v2\/types\/page"}],"author":[{"embeddable":true,"href":"https:\/\/fordklubkotlinaklodzka.pl\/index.php\/wp-json\/wp\/v2\/users\/1"}],"replies":[{"embeddable":true,"href":"https:\/\/fordklubkotlinaklodzka.pl\/index.php\/wp-json\/wp\/v2\/comments?post=1570"}],"version-history":[{"count":78,"href":"https:\/\/fordklubkotlinaklodzka.pl\/index.php\/wp-json\/wp\/v2\/pages\/1570\/revisions"}],"predecessor-version":[{"id":4671,"href":"https:\/\/fordklubkotlinaklodzka.pl\/index.php\/wp-json\/wp\/v2\/pages\/1570\/revisions\/4671"}],"wp:attachment":[{"href":"https:\/\/fordklubkotlinaklodzka.pl\/index.php\/wp-json\/wp\/v2\/media?parent=1570"}],"curies":[{"name":"wp","href":"https:\/\/api.w.org\/{rel}","templated":true}]}}