{"id":2690,"date":"2025-01-18T08:13:09","date_gmt":"2025-01-18T07:13:09","guid":{"rendered":"https:\/\/fordklubkotlinaklodzka.pl\/?page_id=2690"},"modified":"2026-01-08T13:05:15","modified_gmt":"2026-01-08T11:05:15","slug":"o-klubie","status":"publish","type":"page","link":"https:\/\/fordklubkotlinaklodzka.pl\/index.php\/o-klubie\/","title":{"rendered":"O klubie"},"content":{"rendered":"\n<p><strong>Historia w pigu\u0142ce<\/strong><\/p>\n\n\n\n<p>Klub powsta\u0142 z my\u015bl\u0105 o jednoczeniu mi\u0142o\u015bnik\u00f3w motoryzacji, w szczeg\u00f3lno\u015bci samochod\u00f3w marki Ford. Jest to oficjalne stowarzyszenie o nazwie \u201eFord Klub Kotlina K\u0142odzka\u201d. Za dat\u0119 powstania Klubu, jeszcze wtedy nieoficjalnego stowarzyszenia, uznawany jest 1 sierpnia 2021 roku, czyli data utworzenia grupy Ford Klub Kotlina K\u0142odzka na Facebook, cho\u0107 <a href=\"https:\/\/fordklubkotlinaklodzka.pl\/index.php\/2021\/08\/01\/jak-to-wszystko-sie-zaczelo\/\" data-type=\"link\" data-id=\"https:\/\/fordklubkotlinaklodzka.pl\/index.php\/2021\/08\/01\/jak-to-wszystko-sie-zaczelo\/\" target=\"_blank\" rel=\"noreferrer noopener\">podwaliny<\/a> si\u0119gaj\u0105 roku 1993. Prze\u0142omowym momentem w historii klubu jest data 30 wrze\u015bnia 2024 roku. Tego dnia klub, logo klubu, a tak\u017ce witryna internetowa uzyska\u0142y licencj\u0119 Ford Motor Company i Ford Performance Club Connect (USA). W nast\u0119pstwie klub zosta\u0142 sformalizowany dnia 23.12.2024 <mark style=\"background-color:rgba(0, 0, 0, 0)\" class=\"has-inline-color has-black-color\">r<\/mark>., co oznacza, \u017ce jeste\u015bmy pierwszym oficjalnym stowarzyszeniem w Polsce z pe\u0142nym poparciem Ford Motor Company oraz Ford Performance Club Connect zrzeszaj\u0105cym wszystkich pasjonat\u00f3w marki Ford, bez wzgl\u0119du na posiadany model. Nasze zloty, wydarzenia, b\u0119d\u0105 dodawane i reklamowane na witrynach wy\u017cej wymienionych podmiot\u00f3w, informuj\u0105c o nich fan\u00f3w motoryzacji z ca\u0142ego \u015bwiata. <\/p>\n\n\n\n<br>\n\n\n\n<p><strong>Misje klubu<\/strong><\/p>\n\n\n\n<p>G\u0142\u00f3wn\u0105 misj\u0105 stowarzyszenia jest popularyzowanie marki Ford oraz jednoczenie mi\u0142o\u015bnik\u00f3w motoryzacji. Nie liczy si\u0119 warto\u015b\u0107, rok, model Forda, ale pasja, kt\u00f3ra ma \u0142\u0105czy\u0107. Stowarzyszenie zajmuje si\u0119 r\u00f3wnie\u017c organizowaniem zlot\u00f3w, spot\u00f3w, wsp\u00f3lnych wyjazd\u00f3w, spotka\u0144, konkurs\u00f3w i innych wydarze\u0144 zwi\u0105zanych np.: z doskonaleniem techniki jazdy, aktywnym sp\u0119dzaniem czasu, a tak\u017ce wzajemn\u0105 edukacj\u0105. Innym kierunkiem dzia\u0142alno\u015bci stowarzyszenia jest r\u00f3wnie\u017c dzia\u0142alno\u015b\u0107 charytatywna.<\/p>\n\n\n\n<br>\n\n\n\n<p><strong>Strefa klubowicza<\/strong><\/p>\n\n\n\n<p>Coroczny, g\u0142\u00f3wny zlot, kt\u00f3ry organizowany jest w sierpniowy weekend w Kudowie-Zdroju od 2021 roku, dedykowany jest wszystkim fanom motoryzacji, marki Ford, a w szczeg\u00f3lno\u015bci posiadaczom samochod\u00f3w tej marki. Charakteryzuje go niepowtarzalna, ciep\u0142a, radosna, wr\u0119cz rodzinna atmosfera.<\/p>\n\n\n\n<p>Je\u015bli szukasz wyj\u0105tkowych, motoryzacyjnych przyg\u00f3d i jeste\u015b otwarty na nowe przyja\u017anie, je\u017celi chcesz dzieli\u0107 si\u0119 swoj\u0105 pasj\u0105, do\u015bwiadczeniem i wiedz\u0105, jak r\u00f3wnie\u017c czerpa\u0107 j\u0105 od innych, <a href=\"https:\/\/fordklubkotlinaklodzka.pl\/index.php\/dolacz-do-nas\/\" data-type=\"link\" data-id=\"https:\/\/fordklubkotlinaklodzka.pl\/index.php\/dolacz-do-nas\/\" target=\"_blank\" rel=\"noreferrer noopener\">do\u0142\u0105cz<\/a> do naszego stowarzyszenia, kt\u00f3re sp\u0119dza ze sob\u0105 mi\u0142o czas, wzajemnie sobie pomaga, radzi i wspiera si\u0119 wzajemnie, czasami w trudnych sytuacjach, nie tylko motoryzacyjnych.<\/p>\n\n\n\n<p><\/p>\n","protected":false},"excerpt":{"rendered":"<p>Historia w pigu\u0142ce Klub powsta\u0142 z my\u015bl\u0105 o jednoczeniu mi\u0142o\u015bnik\u00f3w motoryzacji, w szczeg\u00f3lno\u015bci samochod\u00f3w marki Ford. Jest to oficjalne stowarzyszenie o nazwie \u201eFord Klub Kotlina K\u0142odzka\u201d. Za dat\u0119 powstania Klubu, jeszcze wtedy nieoficjalnego stowarzyszenia, uznawany jest 1 sierpnia 2021 roku, czyli data utworzenia grupy Ford Klub Kotlina K\u0142odzka na Facebook, cho\u0107 podwaliny si\u0119gaj\u0105 roku 1993. Prze\u0142omowym momentem w historii klubu jest data 30 wrze\u015bnia 2024 roku. Tego dnia klub, logo klubu, a tak\u017ce witryna internetowa uzyska\u0142y licencj\u0119 Ford Motor Company i Ford Performance Club Connect (USA). W nast\u0119pstwie klub zosta\u0142 sformalizowany dnia 23.12.2024 r., co oznacza, \u017ce jeste\u015bmy pierwszym oficjalnym stowarzyszeniem w Polsce z pe\u0142nym poparciem Ford Motor Company oraz Ford Performance Club Connect zrzeszaj\u0105cym wszystkich pasjonat\u00f3w marki Ford, bez wzgl\u0119du na posiadany model. Nasze zloty, wydarzenia, b\u0119d\u0105 dodawane i reklamowane na witrynach wy\u017cej wymienionych podmiot\u00f3w, informuj\u0105c o nich fan\u00f3w motoryzacji z ca\u0142ego \u015bwiata. Misje klubu G\u0142\u00f3wn\u0105 misj\u0105 stowarzyszenia jest popularyzowanie marki Ford oraz jednoczenie mi\u0142o\u015bnik\u00f3w motoryzacji. Nie liczy si\u0119 warto\u015b\u0107, rok, model Forda, ale pasja, kt\u00f3ra ma \u0142\u0105czy\u0107. Stowarzyszenie zajmuje si\u0119 r\u00f3wnie\u017c organizowaniem zlot\u00f3w, spot\u00f3w, wsp\u00f3lnych wyjazd\u00f3w, spotka\u0144, konkurs\u00f3w i innych wydarze\u0144 zwi\u0105zanych np.: z doskonaleniem techniki jazdy, aktywnym sp\u0119dzaniem czasu, a tak\u017ce wzajemn\u0105 edukacj\u0105. Innym kierunkiem dzia\u0142alno\u015bci stowarzyszenia jest r\u00f3wnie\u017c dzia\u0142alno\u015b\u0107 charytatywna. Strefa klubowicza Coroczny, g\u0142\u00f3wny zlot, kt\u00f3ry organizowany jest w sierpniowy weekend w Kudowie-Zdroju od 2021 roku, dedykowany jest wszystkim fanom motoryzacji, marki Ford, a w szczeg\u00f3lno\u015bci posiadaczom samochod\u00f3w tej marki. Charakteryzuje go niepowtarzalna, ciep\u0142a, radosna, wr\u0119cz rodzinna atmosfera. Je\u015bli szukasz wyj\u0105tkowych, motoryzacyjnych przyg\u00f3d i jeste\u015b otwarty na nowe przyja\u017anie, je\u017celi chcesz dzieli\u0107 si\u0119 swoj\u0105 pasj\u0105, do\u015bwiadczeniem i wiedz\u0105, jak r\u00f3wnie\u017c czerpa\u0107 j\u0105 od innych, do\u0142\u0105cz do naszego stowarzyszenia, kt\u00f3re sp\u0119dza ze sob\u0105 mi\u0142o czas, wzajemnie sobie pomaga, radzi i wspiera si\u0119 wzajemnie, czasami w trudnych sytuacjach, nie tylko motoryzacyjnych.<\/p>\n","protected":false},"author":1,"featured_media":4260,"parent":0,"menu_order":0,"comment_status":"closed","ping_status":"closed","template":"","meta":{"footnotes":""},"class_list":["post-2690","page","type-page","status-publish","has-post-thumbnail","hentry"],"_links":{"self":[{"href":"https:\/\/fordklubkotlinaklodzka.pl\/index.php\/wp-json\/wp\/v2\/pages\/2690","targetHints":{"allow":["GET"]}}],"collection":[{"href":"https:\/\/fordklubkotlinaklodzka.pl\/index.php\/wp-json\/wp\/v2\/pages"}],"about":[{"href":"https:\/\/fordklubkotlinaklodzka.pl\/index.php\/wp-json\/wp\/v2\/types\/page"}],"author":[{"embeddable":true,"href":"https:\/\/fordklubkotlinaklodzka.pl\/index.php\/wp-json\/wp\/v2\/users\/1"}],"replies":[{"embeddable":true,"href":"https:\/\/fordklubkotlinaklodzka.pl\/index.php\/wp-json\/wp\/v2\/comments?post=2690"}],"version-history":[{"count":24,"href":"https:\/\/fordklubkotlinaklodzka.pl\/index.php\/wp-json\/wp\/v2\/pages\/2690\/revisions"}],"predecessor-version":[{"id":4572,"href":"https:\/\/fordklubkotlinaklodzka.pl\/index.php\/wp-json\/wp\/v2\/pages\/2690\/revisions\/4572"}],"wp:featuredmedia":[{"embeddable":true,"href":"https:\/\/fordklubkotlinaklodzka.pl\/index.php\/wp-json\/wp\/v2\/media\/4260"}],"wp:attachment":[{"href":"https:\/\/fordklubkotlinaklodzka.pl\/index.php\/wp-json\/wp\/v2\/media?parent=2690"}],"curies":[{"name":"wp","href":"https:\/\/api.w.org\/{rel}","templated":true}]}}