{"id":2714,"date":"2025-01-18T08:13:38","date_gmt":"2025-01-18T07:13:38","guid":{"rendered":"https:\/\/fordklubkotlinaklodzka.pl\/?page_id=2714"},"modified":"2026-01-11T14:26:42","modified_gmt":"2026-01-11T12:26:42","slug":"wsparcie","status":"publish","type":"page","link":"https:\/\/fordklubkotlinaklodzka.pl\/index.php\/wsparcie\/","title":{"rendered":"Wsparcie"},"content":{"rendered":"\n<p>W okresie, w kt\u00f3rym klub nie by\u0142 sformalizowany, otrzymywa\u0142em wiadomo\u015bci od firm, os\u00f3b prywatnych, kt\u00f3re chcia\u0142y sponsorowa\u0107 nasz zlot, klub, w\u0142\u0105cznie z autoryzowanymi serwisami Ford. Niestety by\u0142em zmuszony odmawia\u0107. Nie wyra\u017cam zgody na ingerencj\u0119 w jego styl, nie pozwoli\u0142em zrobi\u0107 ze zlotu targowiska. Stowarzyszenie jest gotowe podj\u0105\u0107 rozmowy o wsp\u00f3\u0142pracy w celach rozwojowych klubu, zlotu i wszelkich organizowanych wydarze\u0144, bez ingerencji w ich charakter.<\/p>\n\n\n\n<p>Stowarzyszenie realizuje r\u00f3wnie\u017c takie <a href=\"https:\/\/fordklubkotlinaklodzka.pl\/index.php\/category\/projekty-wydarzenia\/\" data-type=\"link\" data-id=\"https:\/\/fordklubkotlinaklodzka.pl\/index.php\/category\/projekty-wydarzenia\/\" target=\"_blank\" rel=\"noreferrer noopener\">projekty<\/a>, kt\u00f3rych celem jest podzi\u0119kowanie za okazane wsparcie. Jednym z takich projekt\u00f3w jest cykliczny Kalendarz Klubowy, w kt\u00f3rym znajduj\u0105 si\u0119 samochody zwyci\u0119\u017caj\u0105ce w naszych konkursach na &#8222;Fotk\u0119&#8221; i &#8222;Buciki&#8221; wiosny, lata, jesieni i zimy realizowane w poprzedzaj\u0105cym roku. <\/p>\n\n\n\n<p>Dzi\u0119kujemy za wsparcie dzia\u0142alno\u015bci Stowarzyszenia!<\/p>\n\n\n\n<p><\/p>\n","protected":false},"excerpt":{"rendered":"<p>W okresie, w kt\u00f3rym klub nie by\u0142 sformalizowany, otrzymywa\u0142em wiadomo\u015bci od firm, os\u00f3b prywatnych, kt\u00f3re chcia\u0142y sponsorowa\u0107 nasz zlot, klub, w\u0142\u0105cznie z autoryzowanymi serwisami Ford. Niestety by\u0142em zmuszony odmawia\u0107. Nie wyra\u017cam zgody na ingerencj\u0119 w jego styl, nie pozwoli\u0142em zrobi\u0107 ze zlotu targowiska. Stowarzyszenie jest gotowe podj\u0105\u0107 rozmowy o wsp\u00f3\u0142pracy w celach rozwojowych klubu, zlotu i wszelkich organizowanych wydarze\u0144, bez ingerencji w ich charakter. Stowarzyszenie realizuje r\u00f3wnie\u017c takie projekty, kt\u00f3rych celem jest podzi\u0119kowanie za okazane wsparcie. Jednym z takich projekt\u00f3w jest cykliczny Kalendarz Klubowy, w kt\u00f3rym znajduj\u0105 si\u0119 samochody zwyci\u0119\u017caj\u0105ce w naszych konkursach na &#8222;Fotk\u0119&#8221; i &#8222;Buciki&#8221; wiosny, lata, jesieni i zimy realizowane w poprzedzaj\u0105cym roku. Dzi\u0119kujemy za wsparcie dzia\u0142alno\u015bci Stowarzyszenia!<\/p>\n","protected":false},"author":1,"featured_media":3411,"parent":0,"menu_order":0,"comment_status":"closed","ping_status":"closed","template":"","meta":{"footnotes":""},"class_list":["post-2714","page","type-page","status-publish","has-post-thumbnail","hentry"],"_links":{"self":[{"href":"https:\/\/fordklubkotlinaklodzka.pl\/index.php\/wp-json\/wp\/v2\/pages\/2714","targetHints":{"allow":["GET"]}}],"collection":[{"href":"https:\/\/fordklubkotlinaklodzka.pl\/index.php\/wp-json\/wp\/v2\/pages"}],"about":[{"href":"https:\/\/fordklubkotlinaklodzka.pl\/index.php\/wp-json\/wp\/v2\/types\/page"}],"author":[{"embeddable":true,"href":"https:\/\/fordklubkotlinaklodzka.pl\/index.php\/wp-json\/wp\/v2\/users\/1"}],"replies":[{"embeddable":true,"href":"https:\/\/fordklubkotlinaklodzka.pl\/index.php\/wp-json\/wp\/v2\/comments?post=2714"}],"version-history":[{"count":45,"href":"https:\/\/fordklubkotlinaklodzka.pl\/index.php\/wp-json\/wp\/v2\/pages\/2714\/revisions"}],"predecessor-version":[{"id":4682,"href":"https:\/\/fordklubkotlinaklodzka.pl\/index.php\/wp-json\/wp\/v2\/pages\/2714\/revisions\/4682"}],"wp:featuredmedia":[{"embeddable":true,"href":"https:\/\/fordklubkotlinaklodzka.pl\/index.php\/wp-json\/wp\/v2\/media\/3411"}],"wp:attachment":[{"href":"https:\/\/fordklubkotlinaklodzka.pl\/index.php\/wp-json\/wp\/v2\/media?parent=2714"}],"curies":[{"name":"wp","href":"https:\/\/api.w.org\/{rel}","templated":true}]}}