{"id":4766,"date":"2026-01-12T15:07:59","date_gmt":"2026-01-12T13:07:59","guid":{"rendered":"https:\/\/fordklubkotlinaklodzka.pl\/?page_id=4766"},"modified":"2026-02-17T10:05:35","modified_gmt":"2026-02-17T09:05:35","slug":"regulamin-konkursow","status":"publish","type":"page","link":"https:\/\/fordklubkotlinaklodzka.pl\/index.php\/regulamin-konkursow\/","title":{"rendered":"Regulamin konkurs\u00f3w"},"content":{"rendered":"\n<br><br>\n\n\n\n<p class=\"has-text-align-center\"><strong>REGULAMIN <strong>KONKURS\u00d3W<\/strong> ORGANIZOWANYCH PRZEZ<br>FORD KLUB KOTLINA K\u0141ODZKA<\/strong><\/p>\n\n\n\n<br><br>\n\n\n\n<p><strong>&#8222;Fotka&#8221;<\/strong> i <strong>&#8222;Buciki&#8221;<\/strong>:<strong> <\/strong>wiosny, lata, jesieni, zimy &amp; <strong>&#8222;Fotka Roku&#8221;<\/strong><\/p>\n\n\n\n<p>Uczestnik konkursu, poprzez zg\u0142oszenie zdj\u0119cia konkursowego, o\u015bwiadcza, \u017ce jest jego wy\u0142\u0105cznym autorem oraz przys\u0142uguj\u0105 mu pe\u0142ne prawa autorskie do zg\u0142oszonego zdj\u0119cia. <\/p>\n\n\n\n<p>Uczestnik wyra\u017ca nieodp\u0142atn\u0105, nieograniczon\u0105 terytorialnie i czasowo zgod\u0119 na wykorzystywanie zg\u0142oszonego zdj\u0119cia przez Organizatora, w szczeg\u00f3lno\u015bci na jego utrwalanie, zwielokrotnianie, rozpowszechnianie, publikowanie oraz modyfikowanie, we wszystkich znanych polach eksploatacji. <\/p>\n\n\n\n<p>Uczestnik zrzeka si\u0119 wobec Organizatora wszelkich roszcze\u0144 z tytu\u0142u wykorzystania zdj\u0119cia, w tym prawa do wynagrodzenia, a tak\u017ce wyra\u017ca zgod\u0119 na wykorzystanie zdj\u0119cia w celach promocyjnych, marketingowych oraz komercyjnych, w szczeg\u00f3lno\u015bci w ramach przygotowania, druku, dystrybucji i sprzeda\u017cy zawieraj\u0105cego wybrane zdj\u0119cia konkursowe. <\/p>\n\n\n\n<p>Konkursy: <strong>&#8222;Buciki&#8221;<\/strong> i <strong>&#8222;Fotka&#8221;<\/strong>: wiosny, lata, jesieni i zimy, oraz <strong>&#8222;Fotka Roku&#8221;<\/strong>, organizowane s\u0105 cyklicznie na portalu Facebook, na grupach Organizatora. Do konkurs\u00f3w mog\u0105 przyst\u0105pi\u0107 wszyscy u\u017cytkownicy zalogowani na ww. portalu b\u0119d\u0105cy w grupie Organizatora. <\/p>\n\n\n\n<p>Uczestnik mo\u017ce doda\u0107 tylko jedno zdj\u0119cie danego Forda. Je\u017celi uczestnik posiada kilka aut, mo\u017ce doda\u0107 kilka zdj\u0119\u0107, ale po jednym zdj\u0119ciu ka\u017cdego posiadanego modelu. G\u0142\u00f3wna nagroda konkurs\u00f3w <strong>&#8222;Buciki&#8221; <\/strong>i <strong>&#8222;Fotka&#8221;<\/strong>: wiosny, lata, jesieni i zimy, to zamieszczenie wygranego zdj\u0119cia, jako zdj\u0119cia g\u0142\u00f3wnego jednej z grup Organizatora na Facebook na okre\u015blony czas przez Organizatora. Wygrane zdj\u0119cia b\u0119d\u0105 dost\u0119pne w <a href=\"https:\/\/fordklubkotlinaklodzka.pl\/index.php\/category\/kronika-klubowa\/\" data-type=\"link\" data-id=\"https:\/\/fordklubkotlinaklodzka.pl\/index.php\/category\/kronika-klubowa\/\" target=\"_blank\" rel=\"noreferrer noopener\">Kronice klubowej<\/a>. Zdj\u0119cia zajmuj\u0105ce pierwsze trzy miejsca b\u0119d\u0105 widoczne w artykule, natomiast wygrane zdj\u0119cie widnie\u0107 b\u0119dzie r\u00f3wnie\u017c, jako zdj\u0119cie g\u0142\u00f3wne artyku\u0142u konkursu. Zdj\u0119cia zajmuj\u0105ce pierwsze trzy miejsca b\u0119d\u0105 dodane do kolejnej edycji Klubowego Kalendarza.<\/p>\n\n\n\n<p>W konkursie <strong>&#8222;Fotka Roku&#8221;<\/strong> bior\u0105 udzia\u0142 jedynie uczestnicy, kt\u00f3rzy zaj\u0119li 1, 2, 3 miejsce, w organizowanych konkursach bie\u017c\u0105cego roku \u2013 \u201eFotka\u201d i \u201eBuciki\u201d wiosny, lata, jesieni i zimy. Uczestnik mo\u017ce doda\u0107 do konkursu wszystkie zwyci\u0119skie zdj\u0119cia. Wygrane zdj\u0119cie b\u0119dzie dost\u0119pne w <a href=\"https:\/\/fordklubkotlinaklodzka.pl\/index.php\/category\/kronika-klubowa\/\" data-type=\"link\" data-id=\"https:\/\/fordklubkotlinaklodzka.pl\/index.php\/category\/kronika-klubowa\/\" target=\"_blank\" rel=\"noreferrer noopener\">Kronice klubowej<\/a>, a tak\u017ce b\u0119dzie widnie\u0107 jako zdj\u0119cie g\u0142\u00f3wne artyku\u0142u konkursu oraz b\u0119dzie na ok\u0142adce kolejnego Kalendarza Klubowego. <\/p>\n\n\n\n<p>Uczestnik ww. konkurs\u00f3w nie mo\u017cna oddawa\u0107 g\u0142osu na swoje zdj\u0119cia i u\u017cywa\u0107 sztucznej inteligencji. Zdj\u0119cie z najwi\u0119ksz\u0105 liczb\u0105 g\u0142os\u00f3w &#8211; \u201elajk\u00f3w\u201d wygrywa. Liczba \u201elajk\u00f3w\u201d nieograniczona.<\/p>\n","protected":false},"excerpt":{"rendered":"<p>REGULAMIN KONKURS\u00d3W ORGANIZOWANYCH PRZEZFORD KLUB KOTLINA K\u0141ODZKA &#8222;Fotka&#8221; i &#8222;Buciki&#8221;: wiosny, lata, jesieni, zimy &amp; &#8222;Fotka Roku&#8221; Uczestnik konkursu, poprzez zg\u0142oszenie zdj\u0119cia konkursowego, o\u015bwiadcza, \u017ce jest jego wy\u0142\u0105cznym autorem oraz przys\u0142uguj\u0105 mu pe\u0142ne prawa autorskie do zg\u0142oszonego zdj\u0119cia. Uczestnik wyra\u017ca nieodp\u0142atn\u0105, nieograniczon\u0105 terytorialnie i czasowo zgod\u0119 na wykorzystywanie zg\u0142oszonego zdj\u0119cia przez Organizatora, w szczeg\u00f3lno\u015bci na jego utrwalanie, zwielokrotnianie, rozpowszechnianie, publikowanie oraz modyfikowanie, we wszystkich znanych polach eksploatacji. Uczestnik zrzeka si\u0119 wobec Organizatora wszelkich roszcze\u0144 z tytu\u0142u wykorzystania zdj\u0119cia, w tym prawa do wynagrodzenia, a tak\u017ce wyra\u017ca zgod\u0119 na wykorzystanie zdj\u0119cia w celach promocyjnych, marketingowych oraz komercyjnych, w szczeg\u00f3lno\u015bci w ramach przygotowania, druku, dystrybucji i sprzeda\u017cy zawieraj\u0105cego wybrane zdj\u0119cia konkursowe. Konkursy: &#8222;Buciki&#8221; i &#8222;Fotka&#8221;: wiosny, lata, jesieni i zimy, oraz &#8222;Fotka Roku&#8221;, organizowane s\u0105 cyklicznie na portalu Facebook, na grupach Organizatora. Do konkurs\u00f3w mog\u0105 przyst\u0105pi\u0107 wszyscy u\u017cytkownicy zalogowani na ww. portalu b\u0119d\u0105cy w grupie Organizatora. Uczestnik mo\u017ce doda\u0107 tylko jedno zdj\u0119cie danego Forda. Je\u017celi uczestnik posiada kilka aut, mo\u017ce doda\u0107 kilka zdj\u0119\u0107, ale po jednym zdj\u0119ciu ka\u017cdego posiadanego modelu. G\u0142\u00f3wna nagroda konkurs\u00f3w &#8222;Buciki&#8221; i &#8222;Fotka&#8221;: wiosny, lata, jesieni i zimy, to zamieszczenie wygranego zdj\u0119cia, jako zdj\u0119cia g\u0142\u00f3wnego jednej z grup Organizatora na Facebook na okre\u015blony czas przez Organizatora. Wygrane zdj\u0119cia b\u0119d\u0105 dost\u0119pne w Kronice klubowej. Zdj\u0119cia zajmuj\u0105ce pierwsze trzy miejsca b\u0119d\u0105 widoczne w artykule, natomiast wygrane zdj\u0119cie widnie\u0107 b\u0119dzie r\u00f3wnie\u017c, jako zdj\u0119cie g\u0142\u00f3wne artyku\u0142u konkursu. Zdj\u0119cia zajmuj\u0105ce pierwsze trzy miejsca b\u0119d\u0105 dodane do kolejnej edycji Klubowego Kalendarza. W konkursie &#8222;Fotka Roku&#8221; bior\u0105 udzia\u0142 jedynie uczestnicy, kt\u00f3rzy zaj\u0119li 1, 2, 3 miejsce, w organizowanych konkursach bie\u017c\u0105cego roku \u2013 \u201eFotka\u201d i \u201eBuciki\u201d wiosny, lata, jesieni i zimy. Uczestnik mo\u017ce doda\u0107 do konkursu wszystkie zwyci\u0119skie zdj\u0119cia. Wygrane zdj\u0119cie b\u0119dzie dost\u0119pne w Kronice klubowej, a tak\u017ce b\u0119dzie widnie\u0107 jako zdj\u0119cie g\u0142\u00f3wne artyku\u0142u konkursu oraz b\u0119dzie na ok\u0142adce kolejnego Kalendarza Klubowego. Uczestnik ww. konkurs\u00f3w nie mo\u017cna oddawa\u0107 g\u0142osu na swoje zdj\u0119cia i u\u017cywa\u0107 sztucznej inteligencji. Zdj\u0119cie z najwi\u0119ksz\u0105 liczb\u0105 g\u0142os\u00f3w &#8211; \u201elajk\u00f3w\u201d wygrywa. Liczba \u201elajk\u00f3w\u201d nieograniczona.<\/p>\n","protected":false},"author":1,"featured_media":1228,"parent":0,"menu_order":0,"comment_status":"closed","ping_status":"closed","template":"","meta":{"footnotes":""},"class_list":["post-4766","page","type-page","status-publish","has-post-thumbnail","hentry"],"_links":{"self":[{"href":"https:\/\/fordklubkotlinaklodzka.pl\/index.php\/wp-json\/wp\/v2\/pages\/4766","targetHints":{"allow":["GET"]}}],"collection":[{"href":"https:\/\/fordklubkotlinaklodzka.pl\/index.php\/wp-json\/wp\/v2\/pages"}],"about":[{"href":"https:\/\/fordklubkotlinaklodzka.pl\/index.php\/wp-json\/wp\/v2\/types\/page"}],"author":[{"embeddable":true,"href":"https:\/\/fordklubkotlinaklodzka.pl\/index.php\/wp-json\/wp\/v2\/users\/1"}],"replies":[{"embeddable":true,"href":"https:\/\/fordklubkotlinaklodzka.pl\/index.php\/wp-json\/wp\/v2\/comments?post=4766"}],"version-history":[{"count":21,"href":"https:\/\/fordklubkotlinaklodzka.pl\/index.php\/wp-json\/wp\/v2\/pages\/4766\/revisions"}],"predecessor-version":[{"id":5147,"href":"https:\/\/fordklubkotlinaklodzka.pl\/index.php\/wp-json\/wp\/v2\/pages\/4766\/revisions\/5147"}],"wp:featuredmedia":[{"embeddable":true,"href":"https:\/\/fordklubkotlinaklodzka.pl\/index.php\/wp-json\/wp\/v2\/media\/1228"}],"wp:attachment":[{"href":"https:\/\/fordklubkotlinaklodzka.pl\/index.php\/wp-json\/wp\/v2\/media?parent=4766"}],"curies":[{"name":"wp","href":"https:\/\/api.w.org\/{rel}","templated":true}]}}